{"id":3115,"date":"2025-02-26T20:20:02","date_gmt":"2025-02-26T19:20:02","guid":{"rendered":"https:\/\/test.caribe.me\/sos\/mitmachen\/"},"modified":"2026-03-23T17:14:55","modified_gmt":"2026-03-23T16:14:55","slug":"mitmachen","status":"publish","type":"page","link":"https:\/\/sosmondo.com\/de\/mitmachen\/","title":{"rendered":"Mitmachen"},"content":{"rendered":"\t\t<div data-elementor-type=\"wp-page\" data-elementor-id=\"3115\" class=\"elementor elementor-3115 elementor-2080\" data-elementor-post-type=\"page\">\n\t\t\t\t<div class=\"elementor-element elementor-element-3fabdd4 e-flex e-con-boxed e-con e-parent\" data-id=\"3fabdd4\" data-element_type=\"container\" data-settings=\"{&quot;background_background&quot;:&quot;classic&quot;,&quot;shape_divider_bottom&quot;:&quot;mountains&quot;,&quot;jet_parallax_layout_list&quot;:[]}\">\n\t\t\t\t\t<div class=\"e-con-inner\">\n\t\t\t\t<div class=\"elementor-shape elementor-shape-bottom\" data-negative=\"false\">\n\t\t\t<svg xmlns=\"http:\/\/www.w3.org\/2000\/svg\" viewBox=\"0 0 1000 100\" preserveAspectRatio=\"none\">\n\t<path class=\"elementor-shape-fill\" opacity=\"0.33\" d=\"M473,67.3c-203.9,88.3-263.1-34-320.3,0C66,119.1,0,59.7,0,59.7V0h1000v59.7 c0,0-62.1,26.1-94.9,29.3c-32.8,3.3-62.8-12.3-75.8-22.1C806,49.6,745.3,8.7,694.9,4.7S492.4,59,473,67.3z\"\/>\n\t<path class=\"elementor-shape-fill\" opacity=\"0.66\" d=\"M734,67.3c-45.5,0-77.2-23.2-129.1-39.1c-28.6-8.7-150.3-10.1-254,39.1 s-91.7-34.4-149.2,0C115.7,118.3,0,39.8,0,39.8V0h1000v36.5c0,0-28.2-18.5-92.1-18.5C810.2,18.1,775.7,67.3,734,67.3z\"\/>\n\t<path class=\"elementor-shape-fill\" d=\"M766.1,28.9c-200-57.5-266,65.5-395.1,19.5C242,1.8,242,5.4,184.8,20.6C128,35.8,132.3,44.9,89.9,52.5C28.6,63.7,0,0,0,0 h1000c0,0-9.9,40.9-83.6,48.1S829.6,47,766.1,28.9z\"\/>\n<\/svg>\t\t<\/div>\n\t\t\t\t\t<\/div>\n\t\t\t\t<\/div>\n\t\t<div class=\"elementor-element elementor-element-c3a6b4d e-flex e-con-boxed e-con e-parent\" data-id=\"c3a6b4d\" data-element_type=\"container\" data-settings=\"{&quot;jet_parallax_layout_list&quot;:[]}\">\n\t\t\t\t\t<div class=\"e-con-inner\">\n\t\t<div class=\"elementor-element elementor-element-ba7504b e-con-full e-flex e-con e-child\" data-id=\"ba7504b\" data-element_type=\"container\" data-settings=\"{&quot;jet_parallax_layout_list&quot;:[]}\">\n\t\t\t\t<div class=\"elementor-element elementor-element-c9a5f1e elementor-widget elementor-widget-heading\" data-id=\"c9a5f1e\" data-element_type=\"widget\" data-widget_type=\"heading.default\">\n\t\t\t\t<div class=\"elementor-widget-container\">\n\t\t\t\t\t<h6 class=\"elementor-heading-title elementor-size-default\">SOS Mondo<\/h6>\t\t\t\t<\/div>\n\t\t\t\t<\/div>\n\t\t\t\t<div class=\"elementor-element elementor-element-2f8baf5 elementor-widget elementor-widget-heading\" data-id=\"2f8baf5\" data-element_type=\"widget\" data-widget_type=\"heading.default\">\n\t\t\t\t<div class=\"elementor-widget-container\">\n\t\t\t\t\t<h1 class=\"elementor-heading-title elementor-size-default\">Mitmachen<\/h1>\t\t\t\t<\/div>\n\t\t\t\t<\/div>\n\t\t\t\t<div class=\"elementor-element elementor-element-e180f81 elementor-widget elementor-widget-image\" data-id=\"e180f81\" data-element_type=\"widget\" data-widget_type=\"image.default\">\n\t\t\t\t<div class=\"elementor-widget-container\">\n\t\t\t\t\t\t\t\t\t\t\t\t\t\t\t<img fetchpriority=\"high\" decoding=\"async\" width=\"800\" height=\"569\" src=\"https:\/\/sosmondo.com\/wp-content\/uploads\/2025\/09\/sos-mondo-colore.webp\" class=\"attachment-large size-large wp-image-3375\" alt=\"\" srcset=\"https:\/\/sosmondo.com\/wp-content\/uploads\/2025\/09\/sos-mondo-colore.webp 1000w, https:\/\/sosmondo.com\/wp-content\/uploads\/2025\/09\/sos-mondo-colore-768x546.webp 768w\" sizes=\"(max-width: 800px) 100vw, 800px\" \/>\t\t\t\t\t\t\t\t\t\t\t\t\t\t\t<\/div>\n\t\t\t\t<\/div>\n\t\t\t\t<\/div>\n\t\t<div class=\"elementor-element elementor-element-c177fba e-con-full e-flex e-con e-child\" data-id=\"c177fba\" data-element_type=\"container\" data-settings=\"{&quot;jet_parallax_layout_list&quot;:[]}\">\n\t\t\t\t<div class=\"elementor-element elementor-element-acda99b elementor-widget elementor-widget-text-editor\" data-id=\"acda99b\" data-element_type=\"widget\" data-widget_type=\"text-editor.default\">\n\t\t\t\t<div class=\"elementor-widget-container\">\n\t\t\t\t\t\t\t\t\t<p class=\"font_8 wixui-rich-text__text\"><span class=\"wixui-rich-text__text\">Es gibt viele M\u00f6glichkeiten, wie Sie uns unterst\u00fctzen und ein Teil der Arbeit von\u00a0 Mondo sein k\u00f6nnen:Es gibt viele M\u00f6glichkeiten, wie Sie uns unterst\u00fctzen und Teil von uns sein k\u00f6nnen:<\/span><\/p>\t\t\t\t\t\t\t\t<\/div>\n\t\t\t\t<\/div>\n\t\t\t\t<div class=\"elementor-element elementor-element-9d2bdaf elementor-icon-list--layout-traditional elementor-list-item-link-full_width elementor-widget elementor-widget-icon-list\" data-id=\"9d2bdaf\" data-element_type=\"widget\" data-widget_type=\"icon-list.default\">\n\t\t\t\t<div class=\"elementor-widget-container\">\n\t\t\t\t\t\t\t<ul class=\"elementor-icon-list-items\">\n\t\t\t\t\t\t\t<li class=\"elementor-icon-list-item\">\n\t\t\t\t\t\t\t\t\t\t\t<span class=\"elementor-icon-list-icon\">\n\t\t\t\t\t\t\t<i aria-hidden=\"true\" class=\"fas fa-check\"><\/i>\t\t\t\t\t\t<\/span>\n\t\t\t\t\t\t\t\t\t\t<span class=\"elementor-icon-list-text\">Unterst\u00fctzen Sie eines oder mehrere unserer Projekte mit einer Spende.<\/span>\n\t\t\t\t\t\t\t\t\t<\/li>\n\t\t\t\t\t\t\t\t<li class=\"elementor-icon-list-item\">\n\t\t\t\t\t\t\t\t\t\t\t<span class=\"elementor-icon-list-icon\">\n\t\t\t\t\t\t\t<i aria-hidden=\"true\" class=\"fas fa-check\"><\/i>\t\t\t\t\t\t<\/span>\n\t\t\t\t\t\t\t\t\t\t<span class=\"elementor-icon-list-text\">Teilen Sie uns Ihre WhatsApp-Nummer, E-Mail-Adresse und Wohnanschrift mit, um in Kontakt zu bleiben und die neuesten Informationen \u00fcber unsere Projekte zu erhalten. Ihre Privatsph\u00e4re wird immer respektiert und gesch\u00fctzt.<\/span>\n\t\t\t\t\t\t\t\t\t<\/li>\n\t\t\t\t\t\t\t\t<li class=\"elementor-icon-list-item\">\n\t\t\t\t\t\t\t\t\t\t\t<span class=\"elementor-icon-list-icon\">\n\t\t\t\t\t\t\t<i aria-hidden=\"true\" class=\"fas fa-check\"><\/i>\t\t\t\t\t\t<\/span>\n\t\t\t\t\t\t\t\t\t\t<span class=\"elementor-icon-list-text\">Erz\u00e4hlen Sie Ihren Freunden und Bekannten von SOS Mondo. Wenn Sie es w\u00fcnschen, senden wir Ihnen unsere Zeitschriften kostenlos zu, damit Sie mehr \u00fcber unsere Initiativen erfahren k\u00f6nnen.<\/span>\n\t\t\t\t\t\t\t\t\t<\/li>\n\t\t\t\t\t\t\t\t<li class=\"elementor-icon-list-item\">\n\t\t\t\t\t\t\t\t\t\t\t<span class=\"elementor-icon-list-icon\">\n\t\t\t\t\t\t\t<i aria-hidden=\"true\" class=\"fas fa-check\"><\/i>\t\t\t\t\t\t<\/span>\n\t\t\t\t\t\t\t\t\t\t<span class=\"elementor-icon-list-text\">Organisieren Sie spezielle Veranstaltungen, auf denen Sie unsere Initiativen bekannt machen k\u00f6nnen. Organisieren Sie Veranstaltungen, bei denen Sie unsere Informationen zu unseren Initiativen verbreiten k\u00f6nnen. Wenn Sie m\u00f6chten, kommen wir gerne pers\u00f6nlich vorbei, um SOS Mondo Ihren Kontakten vorzustellen.<\/span>\n\t\t\t\t\t\t\t\t\t<\/li>\n\t\t\t\t\t\t\t\t<li class=\"elementor-icon-list-item\">\n\t\t\t\t\t\t\t\t\t\t\t<span class=\"elementor-icon-list-icon\">\n\t\t\t\t\t\t\t<i aria-hidden=\"true\" class=\"fas fa-check\"><\/i>\t\t\t\t\t\t<\/span>\n\t\t\t\t\t\t\t\t\t\t<span class=\"elementor-icon-list-text\">Spenden Sie Ihre 5x1000 an SOS Mondo und tragen Sie direkt zur Verwirklichung unserer Projekte bei.<\/span>\n\t\t\t\t\t\t\t\t\t<\/li>\n\t\t\t\t\t\t<\/ul>\n\t\t\t\t\t\t<\/div>\n\t\t\t\t<\/div>\n\t\t\t\t<div class=\"elementor-element elementor-element-fd2b2db elementor-widget elementor-widget-text-editor\" data-id=\"fd2b2db\" data-element_type=\"widget\" data-widget_type=\"text-editor.default\">\n\t\t\t\t<div class=\"elementor-widget-container\">\n\t\t\t\t\t\t\t\t\t<p class=\"font_8 wixui-rich-text__text\">Sie erhalten st\u00e4ndig aktuelle Informationen \u00fcber die Arbeit der lokalen Gemeinschaften, die wir unterst\u00fctzen, um mit dem Kern unserer Aktivit\u00e4ten verbunden zu bleiben.<\/p>\t\t\t\t\t\t\t\t<\/div>\n\t\t\t\t<\/div>\n\t\t\t\t<\/div>\n\t\t\t\t\t<\/div>\n\t\t\t\t<\/div>\n\t\t\t\t<\/div>\n\t\t","protected":false},"excerpt":{"rendered":"<p>SOS Mondo Mitmachen Es gibt viele M\u00f6glichkeiten, wie Sie uns unterst\u00fctzen und ein Teil der Arbeit von\u00a0 Mondo sein k\u00f6nnen:Es gibt viele M\u00f6glichkeiten, wie Sie uns unterst\u00fctzen und Teil von uns sein k\u00f6nnen: Unterst\u00fctzen Sie eines oder mehrere unserer Projekte mit einer Spende. Teilen Sie uns Ihre WhatsApp-Nummer, E-Mail-Adresse und Wohnanschrift mit, um in Kontakt [&hellip;]<\/p>\n","protected":false},"author":4,"featured_media":0,"parent":0,"menu_order":0,"comment_status":"closed","ping_status":"closed","template":"","meta":{"footnotes":""},"class_list":["post-3115","page","type-page","status-publish","hentry"],"yoast_head":"<!-- This site is optimized with the Yoast SEO plugin v24.5 - https:\/\/yoast.com\/wordpress\/plugins\/seo\/ -->\n<title>Mitmachen - SOS MONDO E.T.S.\u200b<\/title>\n<meta name=\"robots\" content=\"index, follow, max-snippet:-1, max-image-preview:large, max-video-preview:-1\" \/>\n<link rel=\"canonical\" href=\"https:\/\/sosmondo.com\/de\/mitmachen\/\" \/>\n<meta property=\"og:locale\" content=\"de_DE\" \/>\n<meta property=\"og:type\" content=\"article\" \/>\n<meta property=\"og:title\" content=\"Mitmachen - SOS MONDO E.T.S.\u200b\" \/>\n<meta property=\"og:description\" content=\"SOS Mondo Mitmachen Es gibt viele M\u00f6glichkeiten, wie Sie uns unterst\u00fctzen und ein Teil der Arbeit von\u00a0 Mondo sein k\u00f6nnen:Es gibt viele M\u00f6glichkeiten, wie Sie uns unterst\u00fctzen und Teil von uns sein k\u00f6nnen: Unterst\u00fctzen Sie eines oder mehrere unserer Projekte mit einer Spende. Teilen Sie uns Ihre WhatsApp-Nummer, E-Mail-Adresse und Wohnanschrift mit, um in Kontakt [&hellip;]\" \/>\n<meta property=\"og:url\" content=\"https:\/\/sosmondo.com\/de\/mitmachen\/\" \/>\n<meta property=\"og:site_name\" content=\"SOS MONDO E.T.S.\u200b\" \/>\n<meta property=\"article:publisher\" content=\"https:\/\/www.facebook.com\/SOSTerzoMondo\" \/>\n<meta property=\"article:modified_time\" content=\"2026-03-23T16:14:55+00:00\" \/>\n<meta property=\"og:image\" content=\"https:\/\/sosmondo.com\/wp-content\/uploads\/2025\/09\/sos-mondo-colore.webp\" \/>\n\t<meta property=\"og:image:width\" content=\"1000\" \/>\n\t<meta property=\"og:image:height\" content=\"711\" \/>\n\t<meta property=\"og:image:type\" content=\"image\/webp\" \/>\n<meta name=\"twitter:card\" content=\"summary_large_image\" \/>\n<meta name=\"twitter:label1\" content=\"Est. reading time\" \/>\n\t<meta name=\"twitter:data1\" content=\"2 minutes\" \/>\n<script type=\"application\/ld+json\" class=\"yoast-schema-graph\">{\"@context\":\"https:\/\/schema.org\",\"@graph\":[{\"@type\":\"WebPage\",\"@id\":\"https:\/\/sosmondo.com\/de\/mitmachen\/\",\"url\":\"https:\/\/sosmondo.com\/de\/mitmachen\/\",\"name\":\"Mitmachen - SOS MONDO E.T.S.\u200b\",\"isPartOf\":{\"@id\":\"https:\/\/sosmondo.com\/#website\"},\"primaryImageOfPage\":{\"@id\":\"https:\/\/sosmondo.com\/de\/mitmachen\/#primaryimage\"},\"image\":{\"@id\":\"https:\/\/sosmondo.com\/de\/mitmachen\/#primaryimage\"},\"thumbnailUrl\":\"https:\/\/sosmondo.com\/wp-content\/uploads\/2025\/09\/sos-mondo-colore.webp\",\"datePublished\":\"2025-02-26T19:20:02+00:00\",\"dateModified\":\"2026-03-23T16:14:55+00:00\",\"breadcrumb\":{\"@id\":\"https:\/\/sosmondo.com\/de\/mitmachen\/#breadcrumb\"},\"inLanguage\":\"de-DE\",\"potentialAction\":[{\"@type\":\"ReadAction\",\"target\":[\"https:\/\/sosmondo.com\/de\/mitmachen\/\"]}]},{\"@type\":\"ImageObject\",\"inLanguage\":\"de-DE\",\"@id\":\"https:\/\/sosmondo.com\/de\/mitmachen\/#primaryimage\",\"url\":\"https:\/\/sosmondo.com\/wp-content\/uploads\/2025\/09\/sos-mondo-colore.webp\",\"contentUrl\":\"https:\/\/sosmondo.com\/wp-content\/uploads\/2025\/09\/sos-mondo-colore.webp\"},{\"@type\":\"BreadcrumbList\",\"@id\":\"https:\/\/sosmondo.com\/de\/mitmachen\/#breadcrumb\",\"itemListElement\":[{\"@type\":\"ListItem\",\"position\":1,\"name\":\"Home\",\"item\":\"https:\/\/sosmondo.com\/de\/\"},{\"@type\":\"ListItem\",\"position\":2,\"name\":\"Mitmachen\"}]},{\"@type\":\"WebSite\",\"@id\":\"https:\/\/sosmondo.com\/#website\",\"url\":\"https:\/\/sosmondo.com\/\",\"name\":\"SOS TERZO MONDO E.T.S.\u200b\",\"description\":\"SOS MONDO E.T.S.\u200b\",\"publisher\":{\"@id\":\"https:\/\/sosmondo.com\/#organization\"},\"potentialAction\":[{\"@type\":\"SearchAction\",\"target\":{\"@type\":\"EntryPoint\",\"urlTemplate\":\"https:\/\/sosmondo.com\/?s={search_term_string}\"},\"query-input\":{\"@type\":\"PropertyValueSpecification\",\"valueRequired\":true,\"valueName\":\"search_term_string\"}}],\"inLanguage\":\"de-DE\"},{\"@type\":\"Organization\",\"@id\":\"https:\/\/sosmondo.com\/#organization\",\"name\":\"SOS TERZO MONDO E.T.S.\u200b\",\"url\":\"https:\/\/sosmondo.com\/\",\"logo\":{\"@type\":\"ImageObject\",\"inLanguage\":\"de-DE\",\"@id\":\"https:\/\/sosmondo.com\/#\/schema\/logo\/image\/\",\"url\":\"https:\/\/sosmondo.com\/wp-content\/uploads\/2025\/02\/09b99f_4bc9e912f0824674a5a13ba126fdd851-mv2.png\",\"contentUrl\":\"https:\/\/sosmondo.com\/wp-content\/uploads\/2025\/02\/09b99f_4bc9e912f0824674a5a13ba126fdd851-mv2.png\",\"width\":608,\"height\":414,\"caption\":\"SOS TERZO MONDO E.T.S.\u200b\"},\"image\":{\"@id\":\"https:\/\/sosmondo.com\/#\/schema\/logo\/image\/\"},\"sameAs\":[\"https:\/\/www.facebook.com\/SOSTerzoMondo\",\"https:\/\/www.instagram.com\/sosterzomondo\/\",\"https:\/\/www.tiktok.com\/login?redirect_url=httpswww.tiktok.comsosterzomondo&lang=en&enter_method=mandatory\"]}]}<\/script>\n<!-- \/ Yoast SEO plugin. -->","yoast_head_json":{"title":"Mitmachen - SOS MONDO E.T.S.\u200b","robots":{"index":"index","follow":"follow","max-snippet":"max-snippet:-1","max-image-preview":"max-image-preview:large","max-video-preview":"max-video-preview:-1"},"canonical":"https:\/\/sosmondo.com\/de\/mitmachen\/","og_locale":"de_DE","og_type":"article","og_title":"Mitmachen - SOS MONDO E.T.S.\u200b","og_description":"SOS Mondo Mitmachen Es gibt viele M\u00f6glichkeiten, wie Sie uns unterst\u00fctzen und ein Teil der Arbeit von\u00a0 Mondo sein k\u00f6nnen:Es gibt viele M\u00f6glichkeiten, wie Sie uns unterst\u00fctzen und Teil von uns sein k\u00f6nnen: Unterst\u00fctzen Sie eines oder mehrere unserer Projekte mit einer Spende. Teilen Sie uns Ihre WhatsApp-Nummer, E-Mail-Adresse und Wohnanschrift mit, um in Kontakt [&hellip;]","og_url":"https:\/\/sosmondo.com\/de\/mitmachen\/","og_site_name":"SOS MONDO E.T.S.\u200b","article_publisher":"https:\/\/www.facebook.com\/SOSTerzoMondo","article_modified_time":"2026-03-23T16:14:55+00:00","og_image":[{"width":1000,"height":711,"url":"https:\/\/sosmondo.com\/wp-content\/uploads\/2025\/09\/sos-mondo-colore.webp","type":"image\/webp"}],"twitter_card":"summary_large_image","twitter_misc":{"Est. reading time":"2 minutes"},"schema":{"@context":"https:\/\/schema.org","@graph":[{"@type":"WebPage","@id":"https:\/\/sosmondo.com\/de\/mitmachen\/","url":"https:\/\/sosmondo.com\/de\/mitmachen\/","name":"Mitmachen - SOS MONDO E.T.S.\u200b","isPartOf":{"@id":"https:\/\/sosmondo.com\/#website"},"primaryImageOfPage":{"@id":"https:\/\/sosmondo.com\/de\/mitmachen\/#primaryimage"},"image":{"@id":"https:\/\/sosmondo.com\/de\/mitmachen\/#primaryimage"},"thumbnailUrl":"https:\/\/sosmondo.com\/wp-content\/uploads\/2025\/09\/sos-mondo-colore.webp","datePublished":"2025-02-26T19:20:02+00:00","dateModified":"2026-03-23T16:14:55+00:00","breadcrumb":{"@id":"https:\/\/sosmondo.com\/de\/mitmachen\/#breadcrumb"},"inLanguage":"de-DE","potentialAction":[{"@type":"ReadAction","target":["https:\/\/sosmondo.com\/de\/mitmachen\/"]}]},{"@type":"ImageObject","inLanguage":"de-DE","@id":"https:\/\/sosmondo.com\/de\/mitmachen\/#primaryimage","url":"https:\/\/sosmondo.com\/wp-content\/uploads\/2025\/09\/sos-mondo-colore.webp","contentUrl":"https:\/\/sosmondo.com\/wp-content\/uploads\/2025\/09\/sos-mondo-colore.webp"},{"@type":"BreadcrumbList","@id":"https:\/\/sosmondo.com\/de\/mitmachen\/#breadcrumb","itemListElement":[{"@type":"ListItem","position":1,"name":"Home","item":"https:\/\/sosmondo.com\/de\/"},{"@type":"ListItem","position":2,"name":"Mitmachen"}]},{"@type":"WebSite","@id":"https:\/\/sosmondo.com\/#website","url":"https:\/\/sosmondo.com\/","name":"SOS TERZO MONDO E.T.S.\u200b","description":"SOS MONDO E.T.S.\u200b","publisher":{"@id":"https:\/\/sosmondo.com\/#organization"},"potentialAction":[{"@type":"SearchAction","target":{"@type":"EntryPoint","urlTemplate":"https:\/\/sosmondo.com\/?s={search_term_string}"},"query-input":{"@type":"PropertyValueSpecification","valueRequired":true,"valueName":"search_term_string"}}],"inLanguage":"de-DE"},{"@type":"Organization","@id":"https:\/\/sosmondo.com\/#organization","name":"SOS TERZO MONDO E.T.S.\u200b","url":"https:\/\/sosmondo.com\/","logo":{"@type":"ImageObject","inLanguage":"de-DE","@id":"https:\/\/sosmondo.com\/#\/schema\/logo\/image\/","url":"https:\/\/sosmondo.com\/wp-content\/uploads\/2025\/02\/09b99f_4bc9e912f0824674a5a13ba126fdd851-mv2.png","contentUrl":"https:\/\/sosmondo.com\/wp-content\/uploads\/2025\/02\/09b99f_4bc9e912f0824674a5a13ba126fdd851-mv2.png","width":608,"height":414,"caption":"SOS TERZO MONDO E.T.S.\u200b"},"image":{"@id":"https:\/\/sosmondo.com\/#\/schema\/logo\/image\/"},"sameAs":["https:\/\/www.facebook.com\/SOSTerzoMondo","https:\/\/www.instagram.com\/sosterzomondo\/","https:\/\/www.tiktok.com\/login?redirect_url=httpswww.tiktok.comsosterzomondo&lang=en&enter_method=mandatory"]}]}},"_links":{"self":[{"href":"https:\/\/sosmondo.com\/de\/wp-json\/wp\/v2\/pages\/3115","targetHints":{"allow":["GET"]}}],"collection":[{"href":"https:\/\/sosmondo.com\/de\/wp-json\/wp\/v2\/pages"}],"about":[{"href":"https:\/\/sosmondo.com\/de\/wp-json\/wp\/v2\/types\/page"}],"author":[{"embeddable":true,"href":"https:\/\/sosmondo.com\/de\/wp-json\/wp\/v2\/users\/4"}],"replies":[{"embeddable":true,"href":"https:\/\/sosmondo.com\/de\/wp-json\/wp\/v2\/comments?post=3115"}],"version-history":[{"count":7,"href":"https:\/\/sosmondo.com\/de\/wp-json\/wp\/v2\/pages\/3115\/revisions"}],"predecessor-version":[{"id":3544,"href":"https:\/\/sosmondo.com\/de\/wp-json\/wp\/v2\/pages\/3115\/revisions\/3544"}],"wp:attachment":[{"href":"https:\/\/sosmondo.com\/de\/wp-json\/wp\/v2\/media?parent=3115"}],"curies":[{"name":"wp","href":"https:\/\/api.w.org\/{rel}","templated":true}]}}